{"id":173,"date":"2019-02-08T21:40:53","date_gmt":"2019-02-08T21:40:53","guid":{"rendered":"http:\/\/xn--zeugnisbrse-yfb.de\/?page_id=173"},"modified":"2019-02-08T21:40:54","modified_gmt":"2019-02-08T21:40:54","slug":"home","status":"publish","type":"page","link":"https:\/\/xn--zeugnisbrse-yfb.de\/","title":{"rendered":"Home"},"content":{"rendered":"\n<p class=\"has-medium-font-size\"><strong>Herzlich Willkommen!<\/strong><\/p>\n\n\n\n<p>Die Zeugnisb\u00f6rse online sammelt von den Kolleginnen und Kollegen Ihrer Schule die Bewertungs- und Beurteilungstexte. Sie werden den Sch\u00fclern und F\u00e4chern zugeordnet und in einer von der jeweiligen Schule frei w\u00e4hlbaren Reihenfolge ausgedruckt. Das Layout des Zeugnisses bzw. des Entwicklungsberichtes folgt dabei den W\u00fcnschen der Schule.<\/p>\n\n\n\n<p><em>Uns ist es ein Anliegen, dass dem Kern des Zeugnisschreibens \u2013 die genaue und angemessene Formulierung finden \u2013 die h\u00f6chste Aufmerksamkeit zuflie\u00dfen kann. Administrative Aufgaben sollten nur bei wenigen, vielleicht eher computer- und internetaffinen Menschen liegen. Gleichwohl sollte diese Verantwortung so \u00fcberschaubar und selbsterkl\u00e4rend sein, dass sie keine H\u00fcrde darstellt.<\/em><\/p>\n\n\n\n<p>Die Zeugnisb\u00f6rse online ist \u00fcber das Internet Tag und Nacht erreichbar ist. Sie ist unabh\u00e4ngig von jedem Betriebssystem. Es besteht keine Notwendigkeit von Updates oder einer Administration der Endger\u00e4te. Die Kollegen k\u00f6nnen in ihrer vertrauten Umgebung, mit den ihnen bekannten internetf\u00e4higen Computern oder Tabletts arbeiten.<\/p>\n\n\n\n<p>Dazu erh\u00e4lt jeder Kollege durch den Benutzerverwalter der Schule einen Benutzernamen und ein Kennwort. Durch die Administratoren der Schule werden die Lehrer den Klassen und F\u00e4chern zugeordnet, f\u00fcr die eine Bewertung abzugeben ist.<\/p>\n\n\n\n<p>Die Texte selbst lassen sich direkt im Browserfenster schreiben. Selbstverst\u00e4ndlich kann man aber auch aus einer beliebigen Textverarbeitung die Texte mit&nbsp;<em>Kopieren<\/em>und<em>Einf\u00fcgen<\/em>eintragen.<\/p>\n\n\n\n<p>Zum Erstellen der Zeugnisse st\u00fctzen wir uns auf die m\u00e4chtigen Werkzeuge einer Textverarbeitung. Diese Anwendungen k\u00f6nnen inzwischen auch satztechnische Feinheiten und komplexere Seitengestaltungen zuverl\u00e4ssig umsetzen. Allein hier und in den M\u00f6glichkeiten Ihres Druckers liegen die Grenzen f\u00fcr das Layout.<\/p>\n\n\n\n<p>Sie k\u00f6nnen unseren Service unverbindlich kennenlernen. Gehen Sie dazu auf die Webseite des Servers \u2013\u00a0<a href=\"http:\/\/www.weikatec.com\/rss.html\">www.weikatec.com\/rss.html<\/a>\u2013 suchen Sie sich die <em>Testschule<\/em> heraus. Wie es dann weitergeht, erkl\u00e4rt sich dann Schritt f\u00fcr Schritt. Sie k\u00f6nnen jetzt alles ausprobieren. Allerdings bleibt es Ihnen verwehrt weitere Klassen anzulegen. Auch werden die ausdruckbare Zeugnisse nat\u00fcrlich noch nicht Ihr Layout haben.<\/p>\n\n\n\n<p>Gleichwohl sind wir bei Fragen und Problemen nat\u00fcrlich stets erreichbar!<\/p>\n\n\n\n<p><strong>Matthias Klein<\/strong><br><em>Ihr Ansprechpartner und<\/em><br><em>Gesch\u00e4ftsf\u00fchrer<\/em><\/p>\n","protected":false},"excerpt":{"rendered":"<p>Herzlich Willkommen! Die Zeugnisb\u00f6rse online sammelt von den Kolleginnen und Kollegen Ihrer Schule die Bewertungs- und Beurteilungstexte. Sie werden den Sch\u00fclern und F\u00e4chern zugeordnet und in einer von der jeweiligen Schule frei w\u00e4hlbaren Reihenfolge ausgedruckt. Das Layout des Zeugnisses bzw. des Entwicklungsberichtes folgt dabei den W\u00fcnschen der Schule. Uns ist es ein Anliegen, dass dem &hellip; <\/p>\n<p class=\"link-more\"><a href=\"https:\/\/xn--zeugnisbrse-yfb.de\/\" class=\"more-link\"><span class=\"screen-reader-text\">\u201eHome\u201c<\/span> weiterlesen<\/a><\/p>\n","protected":false},"author":1,"featured_media":0,"parent":0,"menu_order":0,"comment_status":"closed","ping_status":"closed","template":"","meta":{"jetpack_post_was_ever_published":false,"footnotes":""},"jetpack_sharing_enabled":true,"jetpack_shortlink":"https:\/\/wp.me\/PapSZ9-2N","_links":{"self":[{"href":"https:\/\/xn--zeugnisbrse-yfb.de\/index.php?rest_route=\/wp\/v2\/pages\/173"}],"collection":[{"href":"https:\/\/xn--zeugnisbrse-yfb.de\/index.php?rest_route=\/wp\/v2\/pages"}],"about":[{"href":"https:\/\/xn--zeugnisbrse-yfb.de\/index.php?rest_route=\/wp\/v2\/types\/page"}],"author":[{"embeddable":true,"href":"https:\/\/xn--zeugnisbrse-yfb.de\/index.php?rest_route=\/wp\/v2\/users\/1"}],"replies":[{"embeddable":true,"href":"https:\/\/xn--zeugnisbrse-yfb.de\/index.php?rest_route=%2Fwp%2Fv2%2Fcomments&post=173"}],"version-history":[{"count":1,"href":"https:\/\/xn--zeugnisbrse-yfb.de\/index.php?rest_route=\/wp\/v2\/pages\/173\/revisions"}],"predecessor-version":[{"id":174,"href":"https:\/\/xn--zeugnisbrse-yfb.de\/index.php?rest_route=\/wp\/v2\/pages\/173\/revisions\/174"}],"wp:attachment":[{"href":"https:\/\/xn--zeugnisbrse-yfb.de\/index.php?rest_route=%2Fwp%2Fv2%2Fmedia&parent=173"}],"curies":[{"name":"wp","href":"https:\/\/api.w.org\/{rel}","templated":true}]}}