{"id":157,"date":"2019-02-08T14:36:25","date_gmt":"2019-02-08T14:36:25","guid":{"rendered":"http:\/\/xn--zeugnisbrse-yfb.de\/?page_id=157"},"modified":"2020-06-02T19:17:43","modified_gmt":"2020-06-02T19:17:43","slug":"konfiguration","status":"publish","type":"page","link":"https:\/\/xn--zeugnisbrse-yfb.de\/?page_id=157","title":{"rendered":"Konfiguration"},"content":{"rendered":"\n<p class=\"has-medium-font-size\"><strong>Administratoren &amp; Benutzerverwalter<\/strong><\/p>\n\n\n\n<p>Dies sind zwei Verantwortungsbereiche, die aufeinander aufbauen. Dem Benutzerverwalter kommen dabei weitreichende Eingriffsm\u00f6glichkeiten in die Konfiguration zu. Hier sollten sich zwei oder drei Kolleg*innen auskennen, die ein technikaffin sind. Die Handlungsm\u00f6glichkeiten erschlie\u00dfen sich meist von selbst; sie sind selbsterkl\u00e4rend.<\/p>\n\n\n\n<p>Der Administrator ist das Bindeglied zwischen einfachem Benutzter, also dem Kollegen, der ausschlie\u00dflich f\u00fcr seine Eintr\u00e4ge verantwortlich ist und der jeweiligen Klasse.<\/p>\n","protected":false},"excerpt":{"rendered":"<p>Administratoren &amp; Benutzerverwalter Dies sind zwei Verantwortungsbereiche, die aufeinander aufbauen. Dem Benutzerverwalter kommen dabei weitreichende Eingriffsm\u00f6glichkeiten in die Konfiguration zu. Hier sollten sich zwei oder drei Kolleg*innen auskennen, die ein technikaffin sind. Die Handlungsm\u00f6glichkeiten erschlie\u00dfen sich meist von selbst; sie sind selbsterkl\u00e4rend. Der Administrator ist das Bindeglied zwischen einfachem Benutzter, also dem Kollegen, der ausschlie\u00dflich &hellip; <\/p>\n<p class=\"link-more\"><a href=\"https:\/\/xn--zeugnisbrse-yfb.de\/?page_id=157\" class=\"more-link\"><span class=\"screen-reader-text\">\u201eKonfiguration\u201c<\/span> weiterlesen<\/a><\/p>\n","protected":false},"author":1,"featured_media":0,"parent":0,"menu_order":0,"comment_status":"closed","ping_status":"closed","template":"","meta":{"jetpack_post_was_ever_published":false,"footnotes":""},"jetpack_sharing_enabled":true,"jetpack_shortlink":"https:\/\/wp.me\/PapSZ9-2x","_links":{"self":[{"href":"https:\/\/xn--zeugnisbrse-yfb.de\/index.php?rest_route=\/wp\/v2\/pages\/157"}],"collection":[{"href":"https:\/\/xn--zeugnisbrse-yfb.de\/index.php?rest_route=\/wp\/v2\/pages"}],"about":[{"href":"https:\/\/xn--zeugnisbrse-yfb.de\/index.php?rest_route=\/wp\/v2\/types\/page"}],"author":[{"embeddable":true,"href":"https:\/\/xn--zeugnisbrse-yfb.de\/index.php?rest_route=\/wp\/v2\/users\/1"}],"replies":[{"embeddable":true,"href":"https:\/\/xn--zeugnisbrse-yfb.de\/index.php?rest_route=%2Fwp%2Fv2%2Fcomments&post=157"}],"version-history":[{"count":2,"href":"https:\/\/xn--zeugnisbrse-yfb.de\/index.php?rest_route=\/wp\/v2\/pages\/157\/revisions"}],"predecessor-version":[{"id":232,"href":"https:\/\/xn--zeugnisbrse-yfb.de\/index.php?rest_route=\/wp\/v2\/pages\/157\/revisions\/232"}],"wp:attachment":[{"href":"https:\/\/xn--zeugnisbrse-yfb.de\/index.php?rest_route=%2Fwp%2Fv2%2Fmedia&parent=157"}],"curies":[{"name":"wp","href":"https:\/\/api.w.org\/{rel}","templated":true}]}}