{"id":153,"date":"2019-02-08T14:30:50","date_gmt":"2019-02-08T14:30:50","guid":{"rendered":"http:\/\/xn--zeugnisbrse-yfb.de\/?page_id=153"},"modified":"2019-02-08T21:56:22","modified_gmt":"2019-02-08T21:56:22","slug":"jahreszeugnis","status":"publish","type":"page","link":"https:\/\/xn--zeugnisbrse-yfb.de\/?page_id=153","title":{"rendered":"Jahreszeugnis"},"content":{"rendered":"\n<p class=\"has-medium-font-size\"><strong>Der Klassiker oder das Standardmodul!<\/strong><\/p>\n\n\n\n<p>Das Standardmodul stellt dem einfachen Benutzer, den Kollegen die Klassen, F\u00e4cher und Sch\u00fcler zur Verf\u00fcgung, f\u00fcr die eine Bewertung f\u00fcr das Jahres- oder auch Halbjahreszeugnis abgeben werden soll. Nicht mehr und nicht weniger.<\/p>\n\n\n\n<p>Damit das reibungslos und ohne Missverst\u00e4ndnisse funktioniert, haben die Benutzerverwalter und die Administratoren, die Zeugnisb\u00f6rse online im Vorwege konfiguriert. Es lassen sich frei F\u00e4cher anlegen, die gruppiert werden k\u00f6nnen oder als Noten- bzw. Punktezeugnisse erscheinen sollen. Hier bildet sich das Gesamtcurriculum der Schule ab.<\/p>\n\n\n\n<p>In einem weiteren Schritt werden die Lehrer den Klassen und den dort unterrichteten F\u00e4chern zugeordnet. Sind alle Sch\u00fcler bei ihren Klassen eingetragen, finden die Kollegen was sie brauchen.<\/p>\n","protected":false},"excerpt":{"rendered":"<p>Der Klassiker oder das Standardmodul! Das Standardmodul stellt dem einfachen Benutzer, den Kollegen die Klassen, F\u00e4cher und Sch\u00fcler zur Verf\u00fcgung, f\u00fcr die eine Bewertung f\u00fcr das Jahres- oder auch Halbjahreszeugnis abgeben werden soll. Nicht mehr und nicht weniger. Damit das reibungslos und ohne Missverst\u00e4ndnisse funktioniert, haben die Benutzerverwalter und die Administratoren, die Zeugnisb\u00f6rse online im &hellip; <\/p>\n<p class=\"link-more\"><a href=\"https:\/\/xn--zeugnisbrse-yfb.de\/?page_id=153\" class=\"more-link\"><span class=\"screen-reader-text\">\u201eJahreszeugnis\u201c<\/span> weiterlesen<\/a><\/p>\n","protected":false},"author":1,"featured_media":0,"parent":0,"menu_order":0,"comment_status":"closed","ping_status":"closed","template":"","meta":{"jetpack_post_was_ever_published":false,"footnotes":""},"jetpack_sharing_enabled":true,"jetpack_shortlink":"https:\/\/wp.me\/PapSZ9-2t","_links":{"self":[{"href":"https:\/\/xn--zeugnisbrse-yfb.de\/index.php?rest_route=\/wp\/v2\/pages\/153"}],"collection":[{"href":"https:\/\/xn--zeugnisbrse-yfb.de\/index.php?rest_route=\/wp\/v2\/pages"}],"about":[{"href":"https:\/\/xn--zeugnisbrse-yfb.de\/index.php?rest_route=\/wp\/v2\/types\/page"}],"author":[{"embeddable":true,"href":"https:\/\/xn--zeugnisbrse-yfb.de\/index.php?rest_route=\/wp\/v2\/users\/1"}],"replies":[{"embeddable":true,"href":"https:\/\/xn--zeugnisbrse-yfb.de\/index.php?rest_route=%2Fwp%2Fv2%2Fcomments&post=153"}],"version-history":[{"count":2,"href":"https:\/\/xn--zeugnisbrse-yfb.de\/index.php?rest_route=\/wp\/v2\/pages\/153\/revisions"}],"predecessor-version":[{"id":182,"href":"https:\/\/xn--zeugnisbrse-yfb.de\/index.php?rest_route=\/wp\/v2\/pages\/153\/revisions\/182"}],"wp:attachment":[{"href":"https:\/\/xn--zeugnisbrse-yfb.de\/index.php?rest_route=%2Fwp%2Fv2%2Fmedia&parent=153"}],"curies":[{"name":"wp","href":"https:\/\/api.w.org\/{rel}","templated":true}]}}